{"id":272,"date":"2025-10-10T10:32:55","date_gmt":"2025-10-10T08:32:55","guid":{"rendered":"https:\/\/www.padelescapecamp.hu\/?page_id=272"},"modified":"2026-03-10T13:31:26","modified_gmt":"2026-03-10T12:31:26","slug":"ceges-es-zart-koru-rendezvenyek","status":"publish","type":"page","link":"https:\/\/www.padelescapeevents.hu\/en\/ceges-es-zart-koru-rendezvenyek\/","title":{"rendered":"Corporate &amp; Private Events"},"content":{"rendered":"<div data-elementor-type=\"wp-page\" data-elementor-id=\"272\" class=\"elementor elementor-272\" data-elementor-post-type=\"page\">\n\t\t\t\t<section class=\"elementor-element elementor-element-b8aac6c e-con-full hero e-flex e-con e-parent\" data-id=\"b8aac6c\" data-element_type=\"container\" data-e-type=\"container\">\n\t\t\t\t<div class=\"elementor-element elementor-element-84c12c7 elementor-widget elementor-widget-html\" data-id=\"84c12c7\" data-element_type=\"widget\" data-e-type=\"widget\" data-widget_type=\"html.default\">\n\t\t\t\t\t<div class=\"light-dot dot1\"><\/div>\n<div class=\"light-dot-solid small dot5\"><\/div>\n<div class=\"light-dot-solid medium dot6\"><\/div>\n<div class=\"light-dot-solid large dot7\"><\/div>\n<div class=\"light-dot-solid small dot8\"><\/div>\t\t\t\t<\/div>\n\t\t<div class=\"elementor-element elementor-element-240c863 e-flex e-con-boxed e-con e-child\" data-id=\"240c863\" data-element_type=\"container\" data-e-type=\"container\">\n\t\t\t\t\t<div class=\"e-con-inner\">\n\t\t<div class=\"elementor-element elementor-element-45061dc e-con-full e-flex e-con e-child\" data-id=\"45061dc\" data-element_type=\"container\" data-e-type=\"container\">\n\t\t\t\t<div class=\"elementor-element elementor-element-5f1f267 elementor-widget elementor-widget-heading\" data-id=\"5f1f267\" data-element_type=\"widget\" data-e-type=\"widget\" data-widget_type=\"heading.default\">\n\t\t\t\t\t<h1 class=\"elementor-heading-title elementor-size-default\">Corporate &amp; Private Events<\/h1>\t\t\t\t<\/div>\n\t\t\t\t<div class=\"elementor-element elementor-element-3b04c8c elementor-widget elementor-widget-heading\" data-id=\"3b04c8c\" data-element_type=\"widget\" data-e-type=\"widget\" data-widget_type=\"heading.default\">\n\t\t\t\t\t<h2 class=\"elementor-heading-title elementor-size-default\">Team building that people actually enjoy.<\/h2>\t\t\t\t<\/div>\n\t\t\t\t<div class=\"elementor-element elementor-element-cd8e53a elementor-widget elementor-widget-text-editor\" data-id=\"cd8e53a\" data-element_type=\"widget\" data-e-type=\"widget\" data-widget_type=\"text-editor.default\">\n\t\t\t\t\t\t\t\t\t<p>raditional corporate events can often feel forced or boring. Instead of conference rooms, we create real experiences.<\/p><p>Padel Escape Events offers fully customized corporate programs:<\/p><ul><li>Corporate team-building events<\/li><li>Private exclusive parties<\/li><li>Press events<\/li><li>Lifestyle networking events<\/li><\/ul>\t\t\t\t\t\t\t\t<\/div>\n\t\t\t\t<\/div>\n\t\t<div class=\"elementor-element elementor-element-08e4432 e-con-full e-flex e-con e-child\" data-id=\"08e4432\" data-element_type=\"container\" data-e-type=\"container\">\n\t\t\t\t<div class=\"elementor-element elementor-element-ff8adb0 circle-img elementor-widget elementor-widget-image\" data-id=\"ff8adb0\" data-element_type=\"widget\" data-e-type=\"widget\" data-widget_type=\"image.default\">\n\t\t\t\t\t\t\t\t\t\t\t\t\t\t\t<img fetchpriority=\"high\" decoding=\"async\" width=\"1200\" height=\"800\" src=\"https:\/\/www.padelescapeevents.hu\/wp-content\/uploads\/2026\/03\/ceges-rendezvenyek.webp\" class=\"attachment-full size-full wp-image-761\" alt=\"C\u00e9ges rendezv\u00e9nyek\" srcset=\"https:\/\/www.padelescapeevents.hu\/wp-content\/uploads\/2026\/03\/ceges-rendezvenyek.webp 1200w, https:\/\/www.padelescapeevents.hu\/wp-content\/uploads\/2026\/03\/ceges-rendezvenyek-300x200.webp 300w, https:\/\/www.padelescapeevents.hu\/wp-content\/uploads\/2026\/03\/ceges-rendezvenyek-1024x683.webp 1024w, https:\/\/www.padelescapeevents.hu\/wp-content\/uploads\/2026\/03\/ceges-rendezvenyek-768x512.webp 768w, https:\/\/www.padelescapeevents.hu\/wp-content\/uploads\/2026\/03\/ceges-rendezvenyek-18x12.webp 18w\" sizes=\"(max-width: 1200px) 100vw, 1200px\" \/>\t\t\t\t\t\t\t\t\t\t\t\t\t\t\t<\/div>\n\t\t\t\t<\/div>\n\t\t\t\t\t<\/div>\n\t\t\t\t<\/div>\n\t\t\t\t<\/section>\n\t\t<section class=\"elementor-element elementor-element-2a61e8e e-con-full e-flex e-con e-parent\" data-id=\"2a61e8e\" data-element_type=\"container\" data-e-type=\"container\">\n\t\t\t\t<div class=\"elementor-element elementor-element-cba92a7 elementor-widget elementor-widget-html\" data-id=\"cba92a7\" data-element_type=\"widget\" data-e-type=\"widget\" data-widget_type=\"html.default\">\n\t\t\t\t\t<div class=\"light-dot dot3\"><\/div>\t\t\t\t<\/div>\n\t\t<div class=\"elementor-element elementor-element-0ae20d8 e-flex e-con-boxed e-con e-child\" data-id=\"0ae20d8\" data-element_type=\"container\" data-e-type=\"container\">\n\t\t\t\t\t<div class=\"e-con-inner\">\n\t\t<div class=\"elementor-element elementor-element-893d871 e-con-full e-flex e-con e-child\" data-id=\"893d871\" data-element_type=\"container\" data-e-type=\"container\">\n\t\t\t\t<div class=\"elementor-element elementor-element-6f6a654 elementor-widget elementor-widget-video\" data-id=\"6f6a654\" data-element_type=\"widget\" data-e-type=\"widget\" data-settings=\"{&quot;video_type&quot;:&quot;hosted&quot;,&quot;show_image_overlay&quot;:&quot;yes&quot;,&quot;image_overlay&quot;:{&quot;url&quot;:&quot;https:\\\/\\\/www.padelescapeevents.hu\\\/wp-content\\\/uploads\\\/2026\\\/03\\\/padel-party-1.jpg&quot;,&quot;id&quot;:762,&quot;size&quot;:&quot;&quot;,&quot;alt&quot;:&quot;Padel Escape parti&quot;,&quot;source&quot;:&quot;library&quot;},&quot;lightbox&quot;:&quot;yes&quot;,&quot;controls&quot;:&quot;yes&quot;}\" data-widget_type=\"video.default\">\n\t\t\t\t\t\t\t<div class=\"e-hosted-video elementor-wrapper elementor-open-lightbox\">\n\t\t\t\t\t\t\t<div class=\"elementor-custom-embed-image-overlay\" data-elementor-open-lightbox=\"yes\" data-elementor-lightbox=\"{&quot;type&quot;:&quot;video&quot;,&quot;videoType&quot;:&quot;hosted&quot;,&quot;url&quot;:&quot;https:\\\/\\\/www.padelescapeevents.hu\\\/wp-content\\\/uploads\\\/2026\\\/03\\\/padel-buli-1.mp4&quot;,&quot;autoplay&quot;:&quot;&quot;,&quot;modalOptions&quot;:{&quot;id&quot;:&quot;elementor-lightbox-6f6a654&quot;,&quot;entranceAnimation&quot;:&quot;&quot;,&quot;entranceAnimation_tablet&quot;:&quot;&quot;,&quot;entranceAnimation_mobile&quot;:&quot;&quot;,&quot;videoAspectRatio&quot;:&quot;11&quot;},&quot;videoParams&quot;:{&quot;controls&quot;:&quot;&quot;,&quot;preload&quot;:&quot;metadata&quot;,&quot;controlsList&quot;:&quot;nodownload&quot;,&quot;poster&quot;:&quot;https:\\\/\\\/www.padelescapeevents.hu\\\/wp-content\\\/uploads\\\/2026\\\/03\\\/padel-party-1.jpg&quot;}}\" data-e-action-hash=\"#elementor-action%3Aaction%3Dlightbox%26settings%3DeyJ0eXBlIjoidmlkZW8iLCJ2aWRlb1R5cGUiOiJob3N0ZWQiLCJ1cmwiOiJodHRwczpcL1wvd3d3LnBhZGVsZXNjYXBlZXZlbnRzLmh1XC93cC1jb250ZW50XC91cGxvYWRzXC8yMDI2XC8wM1wvcGFkZWwtYnVsaS0xLm1wNCIsImF1dG9wbGF5IjoiIiwibW9kYWxPcHRpb25zIjp7ImlkIjoiZWxlbWVudG9yLWxpZ2h0Ym94LTZmNmE2NTQiLCJlbnRyYW5jZUFuaW1hdGlvbiI6IiIsImVudHJhbmNlQW5pbWF0aW9uX3RhYmxldCI6IiIsImVudHJhbmNlQW5pbWF0aW9uX21vYmlsZSI6IiIsInZpZGVvQXNwZWN0UmF0aW8iOiIxMSJ9LCJ2aWRlb1BhcmFtcyI6eyJjb250cm9scyI6IiIsInByZWxvYWQiOiJtZXRhZGF0YSIsImNvbnRyb2xzTGlzdCI6Im5vZG93bmxvYWQiLCJwb3N0ZXIiOiJodHRwczpcL1wvd3d3LnBhZGVsZXNjYXBlZXZlbnRzLmh1XC93cC1jb250ZW50XC91cGxvYWRzXC8yMDI2XC8wM1wvcGFkZWwtcGFydHktMS5qcGcifX0%3D\">\n\t\t\t\t\t\t\t\t\t\t\t<img decoding=\"async\" width=\"1000\" height=\"1500\" src=\"https:\/\/www.padelescapeevents.hu\/wp-content\/uploads\/2026\/03\/padel-party-1.jpg\" class=\"attachment-full size-full wp-image-762\" alt=\"Padel Escape parti\" srcset=\"https:\/\/www.padelescapeevents.hu\/wp-content\/uploads\/2026\/03\/padel-party-1.jpg 1000w, https:\/\/www.padelescapeevents.hu\/wp-content\/uploads\/2026\/03\/padel-party-1-200x300.jpg 200w, https:\/\/www.padelescapeevents.hu\/wp-content\/uploads\/2026\/03\/padel-party-1-683x1024.jpg 683w, https:\/\/www.padelescapeevents.hu\/wp-content\/uploads\/2026\/03\/padel-party-1-768x1152.jpg 768w, https:\/\/www.padelescapeevents.hu\/wp-content\/uploads\/2026\/03\/padel-party-1-8x12.jpg 8w\" sizes=\"(max-width: 1000px) 100vw, 1000px\" \/>\t\t\t\t\t\t\t\t\t\t\t\t\t\t\t\t<div class=\"elementor-custom-embed-play\" role=\"button\" aria-label=\"Vide\u00f3 lej\u00e1tsz\u00e1sa a k\u00f6vetkez\u0151r\u0151l: Padel Escape parti\" tabindex=\"0\">\n\t\t\t\t\t\t\t<svg aria-hidden=\"true\" class=\"e-font-icon-svg e-eicon-play\" viewbox=\"0 0 1000 1000\" xmlns=\"http:\/\/www.w3.org\/2000\/svg\"><path d=\"M838 162C746 71 633 25 500 25 371 25 258 71 163 162 71 254 25 367 25 500 25 633 71 746 163 837 254 929 367 979 500 979 633 979 746 933 838 837 929 746 975 633 975 500 975 367 929 254 838 162M808 192C892 279 933 379 933 500 933 621 892 725 808 808 725 892 621 938 500 938 379 938 279 896 196 808 113 725 67 621 67 500 67 379 108 279 196 192 279 108 383 62 500 62 621 62 721 108 808 192M438 392V642L642 517 438 392Z\"><\/path><\/svg>\t\t\t\t\t\t<\/div>\n\t\t\t\t\t\t\t\t\t<\/div>\n\t\t\t\t\t<\/div>\n\t\t\t\t\t\t<\/div>\n\t\t\t\t<\/div>\n\t\t<div class=\"elementor-element elementor-element-548ae6e e-con-full e-flex e-con e-child\" data-id=\"548ae6e\" data-element_type=\"container\" data-e-type=\"container\">\n\t\t\t\t<div class=\"elementor-element elementor-element-9d68798 elementor-widget elementor-widget-heading\" data-id=\"9d68798\" data-element_type=\"widget\" data-e-type=\"widget\" data-widget_type=\"heading.default\">\n\t\t\t\t\t<h2 class=\"elementor-heading-title elementor-size-default\">Padel + Party + Extra Experiences<\/h2>\t\t\t\t<\/div>\n\t\t\t\t<div class=\"elementor-element elementor-element-8e02b48 elementor-widget elementor-widget-text-editor\" data-id=\"8e02b48\" data-element_type=\"widget\" data-e-type=\"widget\" data-widget_type=\"text-editor.default\">\n\t\t\t\t\t\t\t\t\t<div><p>What we provide<\/p><ul><li>Teljes k\u00f6r\u0171 helysz\u00edn- \u00e9s staff biztos\u00edt\u00e1s<\/li><li>Professional coaches and referees for beginners and advanced players<\/li><li>Professional photography and video<\/li><li>Mini tournaments and player rotation<\/li><li>Premium catering (including dietary requirements) with custom menus<\/li><li>Cocktail bar with themed drink selection<\/li><li>DJ, decoration, music and unique atmosphere<\/li><li>Award ceremonies and gift packages<\/li><li>Full event management from planning to execution<\/li><\/ul><p>This is not just a sports event.<br \/>It\u2019s a stress-free, enjoyable team-building experience, private party or press event that creates real connections and opens space for natural, relaxed networking.<\/p><\/div>\t\t\t\t\t\t\t\t<\/div>\n\t\t\t\t<div class=\"elementor-element elementor-element-1702b13 elementor-mobile-align-justify elementor-widget-mobile__width-inherit elementor-widget elementor-widget-button\" data-id=\"1702b13\" data-element_type=\"widget\" data-e-type=\"widget\" data-widget_type=\"button.default\">\n\t\t\t\t\t\t\t\t\t\t<a class=\"elementor-button elementor-button-link elementor-size-sm\" href=\"https:\/\/www.facebook.com\/profile.php?id=61580490383530&#038;sk=events%20\" target=\"_blank\" rel=\"noopener\">\n\t\t\t\t\t\t<span class=\"elementor-button-content-wrapper\">\n\t\t\t\t\t\t\t\t\t<span class=\"elementor-button-text\">Upcoming events<\/span>\n\t\t\t\t\t<\/span>\n\t\t\t\t\t<\/a>\n\t\t\t\t\t\t\t\t<\/div>\n\t\t\t\t<\/div>\n\t\t\t\t\t<\/div>\n\t\t\t\t<\/div>\n\t\t\t\t<\/section>\n\t\t<section class=\"elementor-element elementor-element-ced4758 e-con-full e-flex e-con e-parent\" data-id=\"ced4758\" data-element_type=\"container\" data-e-type=\"container\">\n\t\t\t\t<div class=\"elementor-element elementor-element-aaee44c elementor-widget elementor-widget-heading\" data-id=\"aaee44c\" data-element_type=\"widget\" data-e-type=\"widget\" data-widget_type=\"heading.default\">\n\t\t\t\t\t<h2 class=\"elementor-heading-title elementor-size-default\">Gallery<\/h2>\t\t\t\t<\/div>\n\t\t\t\t<div class=\"elementor-element elementor-element-e709ce9 elementor-widget elementor-widget-gallery\" data-id=\"e709ce9\" data-element_type=\"widget\" data-e-type=\"widget\" data-settings=\"{&quot;columns&quot;:5,&quot;columns_tablet&quot;:4,&quot;columns_mobile&quot;:2,&quot;gap&quot;:{&quot;unit&quot;:&quot;px&quot;,&quot;size&quot;:0,&quot;sizes&quot;:[]},&quot;gap_tablet&quot;:{&quot;unit&quot;:&quot;px&quot;,&quot;size&quot;:0,&quot;sizes&quot;:[]},&quot;gap_mobile&quot;:{&quot;unit&quot;:&quot;px&quot;,&quot;size&quot;:0,&quot;sizes&quot;:[]},&quot;lazyload&quot;:&quot;yes&quot;,&quot;gallery_layout&quot;:&quot;grid&quot;,&quot;link_to&quot;:&quot;file&quot;,&quot;aspect_ratio&quot;:&quot;3:2&quot;,&quot;overlay_background&quot;:&quot;yes&quot;,&quot;content_hover_animation&quot;:&quot;fade-in&quot;}\" data-widget_type=\"gallery.default\">\n\t\t\t\t\t\t\t<div class=\"elementor-gallery__container\">\n\t\t\t\t\t\t\t<a class=\"e-gallery-item elementor-gallery-item elementor-animated-content\" href=\"https:\/\/www.padelescapeevents.hu\/wp-content\/uploads\/2026\/03\/DSC06272-1.webp\" data-elementor-open-lightbox=\"yes\" data-elementor-lightbox-slideshow=\"e709ce9\" data-elementor-lightbox-title=\"DSC06272 (1)\" data-e-action-hash=\"#elementor-action%3Aaction%3Dlightbox%26settings%3DeyJpZCI6NzczLCJ1cmwiOiJodHRwczpcL1wvd3d3LnBhZGVsZXNjYXBlZXZlbnRzLmh1XC93cC1jb250ZW50XC91cGxvYWRzXC8yMDI2XC8wM1wvRFNDMDYyNzItMS53ZWJwIiwic2xpZGVzaG93IjoiZTcwOWNlOSJ9\">\n\t\t\t\t\t<div class=\"e-gallery-image elementor-gallery-item__image\" data-thumbnail=\"https:\/\/www.padelescapeevents.hu\/wp-content\/uploads\/2026\/03\/DSC06272-1-300x200.webp\" data-width=\"300\" data-height=\"200\" aria-label=\"\" role=\"img\" ><\/div>\n\t\t\t\t\t\t\t\t\t\t\t<div class=\"elementor-gallery-item__overlay\"><\/div>\n\t\t\t\t\t\t\t\t\t\t\t\t\t\t<\/a>\n\t\t\t\t\t\t\t<a class=\"e-gallery-item elementor-gallery-item elementor-animated-content\" href=\"https:\/\/www.padelescapeevents.hu\/wp-content\/uploads\/2026\/03\/DSC06001.webp\" data-elementor-open-lightbox=\"yes\" data-elementor-lightbox-slideshow=\"e709ce9\" data-elementor-lightbox-title=\"DSC06001\" data-e-action-hash=\"#elementor-action%3Aaction%3Dlightbox%26settings%3DeyJpZCI6NzY1LCJ1cmwiOiJodHRwczpcL1wvd3d3LnBhZGVsZXNjYXBlZXZlbnRzLmh1XC93cC1jb250ZW50XC91cGxvYWRzXC8yMDI2XC8wM1wvRFNDMDYwMDEud2VicCIsInNsaWRlc2hvdyI6ImU3MDljZTkifQ%3D%3D\">\n\t\t\t\t\t<div class=\"e-gallery-image elementor-gallery-item__image\" data-thumbnail=\"https:\/\/www.padelescapeevents.hu\/wp-content\/uploads\/2026\/03\/DSC06001-300x200.webp\" data-width=\"300\" data-height=\"200\" aria-label=\"\" role=\"img\" ><\/div>\n\t\t\t\t\t\t\t\t\t\t\t<div class=\"elementor-gallery-item__overlay\"><\/div>\n\t\t\t\t\t\t\t\t\t\t\t\t\t\t<\/a>\n\t\t\t\t\t\t\t<a class=\"e-gallery-item elementor-gallery-item elementor-animated-content\" href=\"https:\/\/www.padelescapeevents.hu\/wp-content\/uploads\/2026\/03\/DSC06038.webp\" data-elementor-open-lightbox=\"yes\" data-elementor-lightbox-slideshow=\"e709ce9\" data-elementor-lightbox-title=\"DSC06038\" data-e-action-hash=\"#elementor-action%3Aaction%3Dlightbox%26settings%3DeyJpZCI6NzY2LCJ1cmwiOiJodHRwczpcL1wvd3d3LnBhZGVsZXNjYXBlZXZlbnRzLmh1XC93cC1jb250ZW50XC91cGxvYWRzXC8yMDI2XC8wM1wvRFNDMDYwMzgud2VicCIsInNsaWRlc2hvdyI6ImU3MDljZTkifQ%3D%3D\">\n\t\t\t\t\t<div class=\"e-gallery-image elementor-gallery-item__image\" data-thumbnail=\"https:\/\/www.padelescapeevents.hu\/wp-content\/uploads\/2026\/03\/DSC06038-300x200.webp\" data-width=\"300\" data-height=\"200\" aria-label=\"\" role=\"img\" ><\/div>\n\t\t\t\t\t\t\t\t\t\t\t<div class=\"elementor-gallery-item__overlay\"><\/div>\n\t\t\t\t\t\t\t\t\t\t\t\t\t\t<\/a>\n\t\t\t\t\t\t\t<a class=\"e-gallery-item elementor-gallery-item elementor-animated-content\" href=\"https:\/\/www.padelescapeevents.hu\/wp-content\/uploads\/2026\/03\/DSC06077.webp\" data-elementor-open-lightbox=\"yes\" data-elementor-lightbox-slideshow=\"e709ce9\" data-elementor-lightbox-title=\"DSC06077\" data-e-action-hash=\"#elementor-action%3Aaction%3Dlightbox%26settings%3DeyJpZCI6NzY3LCJ1cmwiOiJodHRwczpcL1wvd3d3LnBhZGVsZXNjYXBlZXZlbnRzLmh1XC93cC1jb250ZW50XC91cGxvYWRzXC8yMDI2XC8wM1wvRFNDMDYwNzcud2VicCIsInNsaWRlc2hvdyI6ImU3MDljZTkifQ%3D%3D\">\n\t\t\t\t\t<div class=\"e-gallery-image elementor-gallery-item__image\" data-thumbnail=\"https:\/\/www.padelescapeevents.hu\/wp-content\/uploads\/2026\/03\/DSC06077-300x200.webp\" data-width=\"300\" data-height=\"200\" aria-label=\"\" role=\"img\" ><\/div>\n\t\t\t\t\t\t\t\t\t\t\t<div class=\"elementor-gallery-item__overlay\"><\/div>\n\t\t\t\t\t\t\t\t\t\t\t\t\t\t<\/a>\n\t\t\t\t\t\t\t<a class=\"e-gallery-item elementor-gallery-item elementor-animated-content\" href=\"https:\/\/www.padelescapeevents.hu\/wp-content\/uploads\/2026\/03\/DSC06087.webp\" data-elementor-open-lightbox=\"yes\" data-elementor-lightbox-slideshow=\"e709ce9\" data-elementor-lightbox-title=\"DSC06087\" data-e-action-hash=\"#elementor-action%3Aaction%3Dlightbox%26settings%3DeyJpZCI6NzY4LCJ1cmwiOiJodHRwczpcL1wvd3d3LnBhZGVsZXNjYXBlZXZlbnRzLmh1XC93cC1jb250ZW50XC91cGxvYWRzXC8yMDI2XC8wM1wvRFNDMDYwODcud2VicCIsInNsaWRlc2hvdyI6ImU3MDljZTkifQ%3D%3D\">\n\t\t\t\t\t<div class=\"e-gallery-image elementor-gallery-item__image\" data-thumbnail=\"https:\/\/www.padelescapeevents.hu\/wp-content\/uploads\/2026\/03\/DSC06087-300x200.webp\" data-width=\"300\" data-height=\"200\" aria-label=\"\" role=\"img\" ><\/div>\n\t\t\t\t\t\t\t\t\t\t\t<div class=\"elementor-gallery-item__overlay\"><\/div>\n\t\t\t\t\t\t\t\t\t\t\t\t\t\t<\/a>\n\t\t\t\t\t\t\t<a class=\"e-gallery-item elementor-gallery-item elementor-animated-content\" href=\"https:\/\/www.padelescapeevents.hu\/wp-content\/uploads\/2026\/03\/DSC06095.webp\" data-elementor-open-lightbox=\"yes\" data-elementor-lightbox-slideshow=\"e709ce9\" data-elementor-lightbox-title=\"DSC06095\" data-e-action-hash=\"#elementor-action%3Aaction%3Dlightbox%26settings%3DeyJpZCI6NzY5LCJ1cmwiOiJodHRwczpcL1wvd3d3LnBhZGVsZXNjYXBlZXZlbnRzLmh1XC93cC1jb250ZW50XC91cGxvYWRzXC8yMDI2XC8wM1wvRFNDMDYwOTUud2VicCIsInNsaWRlc2hvdyI6ImU3MDljZTkifQ%3D%3D\">\n\t\t\t\t\t<div class=\"e-gallery-image elementor-gallery-item__image\" data-thumbnail=\"https:\/\/www.padelescapeevents.hu\/wp-content\/uploads\/2026\/03\/DSC06095-300x200.webp\" data-width=\"300\" data-height=\"200\" aria-label=\"\" role=\"img\" ><\/div>\n\t\t\t\t\t\t\t\t\t\t\t<div class=\"elementor-gallery-item__overlay\"><\/div>\n\t\t\t\t\t\t\t\t\t\t\t\t\t\t<\/a>\n\t\t\t\t\t\t\t<a class=\"e-gallery-item elementor-gallery-item elementor-animated-content\" href=\"https:\/\/www.padelescapeevents.hu\/wp-content\/uploads\/2026\/03\/DSC06133.webp\" data-elementor-open-lightbox=\"yes\" data-elementor-lightbox-slideshow=\"e709ce9\" data-elementor-lightbox-title=\"DSC06133\" data-e-action-hash=\"#elementor-action%3Aaction%3Dlightbox%26settings%3DeyJpZCI6NzcwLCJ1cmwiOiJodHRwczpcL1wvd3d3LnBhZGVsZXNjYXBlZXZlbnRzLmh1XC93cC1jb250ZW50XC91cGxvYWRzXC8yMDI2XC8wM1wvRFNDMDYxMzMud2VicCIsInNsaWRlc2hvdyI6ImU3MDljZTkifQ%3D%3D\">\n\t\t\t\t\t<div class=\"e-gallery-image elementor-gallery-item__image\" data-thumbnail=\"https:\/\/www.padelescapeevents.hu\/wp-content\/uploads\/2026\/03\/DSC06133-300x200.webp\" data-width=\"300\" data-height=\"200\" aria-label=\"\" role=\"img\" ><\/div>\n\t\t\t\t\t\t\t\t\t\t\t<div class=\"elementor-gallery-item__overlay\"><\/div>\n\t\t\t\t\t\t\t\t\t\t\t\t\t\t<\/a>\n\t\t\t\t\t\t\t<a class=\"e-gallery-item elementor-gallery-item elementor-animated-content\" href=\"https:\/\/www.padelescapeevents.hu\/wp-content\/uploads\/2026\/03\/DSC06235.webp\" data-elementor-open-lightbox=\"yes\" data-elementor-lightbox-slideshow=\"e709ce9\" data-elementor-lightbox-title=\"DSC06235\" data-e-action-hash=\"#elementor-action%3Aaction%3Dlightbox%26settings%3DeyJpZCI6NzcxLCJ1cmwiOiJodHRwczpcL1wvd3d3LnBhZGVsZXNjYXBlZXZlbnRzLmh1XC93cC1jb250ZW50XC91cGxvYWRzXC8yMDI2XC8wM1wvRFNDMDYyMzUud2VicCIsInNsaWRlc2hvdyI6ImU3MDljZTkifQ%3D%3D\">\n\t\t\t\t\t<div class=\"e-gallery-image elementor-gallery-item__image\" data-thumbnail=\"https:\/\/www.padelescapeevents.hu\/wp-content\/uploads\/2026\/03\/DSC06235-300x200.webp\" data-width=\"300\" data-height=\"200\" aria-label=\"\" role=\"img\" ><\/div>\n\t\t\t\t\t\t\t\t\t\t\t<div class=\"elementor-gallery-item__overlay\"><\/div>\n\t\t\t\t\t\t\t\t\t\t\t\t\t\t<\/a>\n\t\t\t\t\t\t\t<a class=\"e-gallery-item elementor-gallery-item elementor-animated-content\" href=\"https:\/\/www.padelescapeevents.hu\/wp-content\/uploads\/2026\/03\/DSC06259.webp\" data-elementor-open-lightbox=\"yes\" data-elementor-lightbox-slideshow=\"e709ce9\" data-elementor-lightbox-title=\"DSC06259\" data-e-action-hash=\"#elementor-action%3Aaction%3Dlightbox%26settings%3DeyJpZCI6NzcyLCJ1cmwiOiJodHRwczpcL1wvd3d3LnBhZGVsZXNjYXBlZXZlbnRzLmh1XC93cC1jb250ZW50XC91cGxvYWRzXC8yMDI2XC8wM1wvRFNDMDYyNTkud2VicCIsInNsaWRlc2hvdyI6ImU3MDljZTkifQ%3D%3D\">\n\t\t\t\t\t<div class=\"e-gallery-image elementor-gallery-item__image\" data-thumbnail=\"https:\/\/www.padelescapeevents.hu\/wp-content\/uploads\/2026\/03\/DSC06259-300x200.webp\" data-width=\"300\" data-height=\"200\" aria-label=\"\" role=\"img\" ><\/div>\n\t\t\t\t\t\t\t\t\t\t\t<div class=\"elementor-gallery-item__overlay\"><\/div>\n\t\t\t\t\t\t\t\t\t\t\t\t\t\t<\/a>\n\t\t\t\t\t\t\t<a class=\"e-gallery-item elementor-gallery-item elementor-animated-content\" href=\"https:\/\/www.padelescapeevents.hu\/wp-content\/uploads\/2026\/03\/DSC05973.webp\" data-elementor-open-lightbox=\"yes\" data-elementor-lightbox-slideshow=\"e709ce9\" data-elementor-lightbox-title=\"DSC05973\" data-e-action-hash=\"#elementor-action%3Aaction%3Dlightbox%26settings%3DeyJpZCI6NzY0LCJ1cmwiOiJodHRwczpcL1wvd3d3LnBhZGVsZXNjYXBlZXZlbnRzLmh1XC93cC1jb250ZW50XC91cGxvYWRzXC8yMDI2XC8wM1wvRFNDMDU5NzMud2VicCIsInNsaWRlc2hvdyI6ImU3MDljZTkifQ%3D%3D\">\n\t\t\t\t\t<div class=\"e-gallery-image elementor-gallery-item__image\" data-thumbnail=\"https:\/\/www.padelescapeevents.hu\/wp-content\/uploads\/2026\/03\/DSC05973-300x200.webp\" data-width=\"300\" data-height=\"200\" aria-label=\"\" role=\"img\" ><\/div>\n\t\t\t\t\t\t\t\t\t\t\t<div class=\"elementor-gallery-item__overlay\"><\/div>\n\t\t\t\t\t\t\t\t\t\t\t\t\t\t<\/a>\n\t\t\t\t\t<\/div>\n\t\t\t\t\t<\/div>\n\t\t\t\t<\/section>\n\t\t\t\t<\/div>","protected":false},"excerpt":{"rendered":"<p>C\u00e9ges &amp; z\u00e1rt k\u00f6r\u0171 rendezv\u00e9nyek Csapat\u00e9p\u00edt\u00e9s, amit t\u00e9nyleg mindenki \u00e9lvez. A hagyom\u00e1nyos csapat\u00e9p\u00edt\u0151k gyakran unalmasak \u00e9s er\u0151ltetettek. Konferenciatermek helyett mi val\u00f3di \u00e9lm\u00e9nyt adunk. A Padel Escape Events testreszabott c\u00e9ges programokat k\u00edn\u00e1l: C\u00e9ges csapat\u00e9p\u00edt\u00e9sek Z\u00e1rtk\u00f6r\u0171 priv\u00e1t partik Sajt\u00f3esem\u00e9nyek Lifestyle networking esem\u00e9nyek https:\/\/www.padelescapeevents.hu\/wp-content\/uploads\/2026\/03\/padel-buli-1.mp4 Padel + Party + Extra programok Amit biztos\u00edtunk: Teljes k\u00f6r\u0171 helysz\u00edn- \u00e9s staff biztos\u00edt\u00e1s [&hellip;]<\/p>\n","protected":false},"author":1,"featured_media":0,"parent":0,"menu_order":0,"comment_status":"closed","ping_status":"closed","template":"","meta":{"footnotes":""},"class_list":["post-272","page","type-page","status-publish","hentry"],"_links":{"self":[{"href":"https:\/\/www.padelescapeevents.hu\/en\/wp-json\/wp\/v2\/pages\/272","targetHints":{"allow":["GET"]}}],"collection":[{"href":"https:\/\/www.padelescapeevents.hu\/en\/wp-json\/wp\/v2\/pages"}],"about":[{"href":"https:\/\/www.padelescapeevents.hu\/en\/wp-json\/wp\/v2\/types\/page"}],"author":[{"embeddable":true,"href":"https:\/\/www.padelescapeevents.hu\/en\/wp-json\/wp\/v2\/users\/1"}],"replies":[{"embeddable":true,"href":"https:\/\/www.padelescapeevents.hu\/en\/wp-json\/wp\/v2\/comments?post=272"}],"version-history":[{"count":63,"href":"https:\/\/www.padelescapeevents.hu\/en\/wp-json\/wp\/v2\/pages\/272\/revisions"}],"predecessor-version":[{"id":779,"href":"https:\/\/www.padelescapeevents.hu\/en\/wp-json\/wp\/v2\/pages\/272\/revisions\/779"}],"wp:attachment":[{"href":"https:\/\/www.padelescapeevents.hu\/en\/wp-json\/wp\/v2\/media?parent=272"}],"curies":[{"name":"wp","href":"https:\/\/api.w.org\/{rel}","templated":true}]}}