{"id":314,"date":"2025-10-10T11:05:13","date_gmt":"2025-10-10T09:05:13","guid":{"rendered":"https:\/\/www.padelescapecamp.hu\/?page_id=314"},"modified":"2026-03-30T11:10:54","modified_gmt":"2026-03-30T09:10:54","slug":"rolunk","status":"publish","type":"page","link":"https:\/\/www.padelescapeevents.hu\/en\/rolunk\/","title":{"rendered":"About us"},"content":{"rendered":"<div data-elementor-type=\"wp-page\" data-elementor-id=\"314\" class=\"elementor elementor-314\" data-elementor-post-type=\"page\">\n\t\t\t\t<section class=\"elementor-element elementor-element-c9ccb27 e-con-full hero e-flex e-con e-parent\" data-id=\"c9ccb27\" data-element_type=\"container\" data-e-type=\"container\">\n\t\t\t\t<div class=\"elementor-element elementor-element-df6ccb8 elementor-widget elementor-widget-html\" data-id=\"df6ccb8\" data-element_type=\"widget\" data-e-type=\"widget\" data-widget_type=\"html.default\">\n\t\t\t\t\t<div class=\"light-dot dot1\"><\/div>\n<div class=\"light-dot-solid small dot5\"><\/div>\n<div class=\"light-dot-solid medium dot6\"><\/div>\n<div class=\"light-dot-solid large dot7\"><\/div>\n<div class=\"light-dot-solid small dot8\"><\/div>\t\t\t\t<\/div>\n\t\t<div class=\"elementor-element elementor-element-594ce09 e-flex e-con-boxed e-con e-child\" data-id=\"594ce09\" data-element_type=\"container\" data-e-type=\"container\">\n\t\t\t\t\t<div class=\"e-con-inner\">\n\t\t<div class=\"elementor-element elementor-element-f35a18e e-con-full e-flex e-con e-child\" data-id=\"f35a18e\" data-element_type=\"container\" data-e-type=\"container\">\n\t\t\t\t<div class=\"elementor-element elementor-element-ac79dc0 elementor-widget elementor-widget-heading\" data-id=\"ac79dc0\" data-element_type=\"widget\" data-e-type=\"widget\" data-widget_type=\"heading.default\">\n\t\t\t\t\t<h1 class=\"elementor-heading-title elementor-size-default\">About us<\/h1>\t\t\t\t<\/div>\n\t\t\t\t<div class=\"elementor-element elementor-element-71de865 elementor-widget elementor-widget-text-editor\" data-id=\"71de865\" data-element_type=\"widget\" data-e-type=\"widget\" data-widget_type=\"text-editor.default\">\n\t\t\t\t\t\t\t\t\t<div>Behind\u00a0<strong>Padel Escape Events<\/strong>\u00a0Padel Escape Events is an innovative, experience-based event company that combines the world\u2019s trendiest sport \u2014 padel \u2014 with themed daytime parties, premium catering, music and unique entertainment.<\/div><div><p>Our goal is always the same:\ncreating unforgettable community experiences.<br \/><br \/>Our concept is simple, yet unique:<\/p><p><strong>Padel + Party + Extra Experiences<\/strong><\/p><\/div>\t\t\t\t\t\t\t\t<\/div>\n\t\t\t\t<\/div>\n\t\t<div class=\"elementor-element elementor-element-650a6c4 e-con-full e-flex e-con e-child\" data-id=\"650a6c4\" data-element_type=\"container\" data-e-type=\"container\">\n\t\t\t\t<div class=\"elementor-element elementor-element-a81ad90 elementor-widget elementor-widget-image\" data-id=\"a81ad90\" data-element_type=\"widget\" data-e-type=\"widget\" data-widget_type=\"image.default\">\n\t\t\t\t\t\t\t\t\t\t\t\t\t\t\t<img fetchpriority=\"high\" decoding=\"async\" width=\"1200\" height=\"800\" src=\"https:\/\/www.padelescapeevents.hu\/wp-content\/uploads\/2026\/03\/padel-escape-events-rolunk2.webp\" class=\"attachment-full size-full wp-image-724\" alt=\"Padel Escape Events r\u00f3lunk\" srcset=\"https:\/\/www.padelescapeevents.hu\/wp-content\/uploads\/2026\/03\/padel-escape-events-rolunk2.webp 1200w, https:\/\/www.padelescapeevents.hu\/wp-content\/uploads\/2026\/03\/padel-escape-events-rolunk2-300x200.webp 300w, https:\/\/www.padelescapeevents.hu\/wp-content\/uploads\/2026\/03\/padel-escape-events-rolunk2-1024x683.webp 1024w, https:\/\/www.padelescapeevents.hu\/wp-content\/uploads\/2026\/03\/padel-escape-events-rolunk2-768x512.webp 768w, https:\/\/www.padelescapeevents.hu\/wp-content\/uploads\/2026\/03\/padel-escape-events-rolunk2-18x12.webp 18w\" sizes=\"(max-width: 1200px) 100vw, 1200px\" \/>\t\t\t\t\t\t\t\t\t\t\t\t\t\t\t<\/div>\n\t\t\t\t<\/div>\n\t\t\t\t\t<\/div>\n\t\t\t\t<\/div>\n\t\t\t\t<\/section>\n\t\t<section class=\"elementor-element elementor-element-774d437 e-flex e-con-boxed e-con e-parent\" data-id=\"774d437\" data-element_type=\"container\" data-e-type=\"container\">\n\t\t\t\t\t<div class=\"e-con-inner\">\n\t\t\t\t<div class=\"elementor-element elementor-element-e5dfc72 elementor-widget elementor-widget-heading\" data-id=\"e5dfc72\" data-element_type=\"widget\" data-e-type=\"widget\" data-widget_type=\"heading.default\">\n\t\t\t\t\t<h3 class=\"elementor-heading-title elementor-size-default\">WHY PADEL? <\/h3>\t\t\t\t<\/div>\n\t\t<div class=\"elementor-element elementor-element-f48f6be e-con-full e-flex e-con e-child\" data-id=\"f48f6be\" data-element_type=\"container\" data-e-type=\"container\">\n\t\t<div class=\"elementor-element elementor-element-6de8ce5 e-con-full main-height e-flex e-con e-child\" data-id=\"6de8ce5\" data-element_type=\"container\" data-e-type=\"container\">\n\t\t\t\t<div class=\"elementor-element elementor-element-33e2cc6 main-height elementor-widget elementor-widget-image\" data-id=\"33e2cc6\" data-element_type=\"widget\" data-e-type=\"widget\" data-widget_type=\"image.default\">\n\t\t\t\t\t\t\t\t\t\t\t\t\t\t\t<img decoding=\"async\" width=\"800\" height=\"534\" src=\"https:\/\/www.padelescapeevents.hu\/wp-content\/uploads\/2026\/03\/padel-rolunk3-1024x683.webp\" class=\"attachment-large size-large wp-image-738\" alt=\"Padel Escape Events r\u00f3lunk\" srcset=\"https:\/\/www.padelescapeevents.hu\/wp-content\/uploads\/2026\/03\/padel-rolunk3-1024x683.webp 1024w, https:\/\/www.padelescapeevents.hu\/wp-content\/uploads\/2026\/03\/padel-rolunk3-300x200.webp 300w, https:\/\/www.padelescapeevents.hu\/wp-content\/uploads\/2026\/03\/padel-rolunk3-768x512.webp 768w, https:\/\/www.padelescapeevents.hu\/wp-content\/uploads\/2026\/03\/padel-rolunk3-18x12.webp 18w, https:\/\/www.padelescapeevents.hu\/wp-content\/uploads\/2026\/03\/padel-rolunk3.webp 1200w\" sizes=\"(max-width: 800px) 100vw, 800px\" \/>\t\t\t\t\t\t\t\t\t\t\t\t\t\t\t<\/div>\n\t\t\t\t<\/div>\n\t\t<div class=\"elementor-element elementor-element-c906b24 e-con-full main-basic e-flex e-con e-child\" data-id=\"c906b24\" data-element_type=\"container\" data-e-type=\"container\" data-settings=\"{&quot;background_background&quot;:&quot;classic&quot;}\">\n\t\t\t\t<div class=\"elementor-element elementor-element-b5ec1ad elementor-widget elementor-widget-text-editor\" data-id=\"b5ec1ad\" data-element_type=\"widget\" data-e-type=\"widget\" data-widget_type=\"text-editor.default\">\n\t\t\t\t\t\t\t\t\t<p><strong>Padel is the fastest-growing sport in the world.<\/strong><\/p><ul><li><p>Easy to learn \u2192 enjoyable from the very first minute<\/p><\/li><li><p>Played in doubles \u2192 brings people together<\/p><\/li><li><p>Perfect for networking and team building<\/p><\/li><li><p>More than 25 million players worldwide, and the number keeps growing<\/p><\/li><li><p>Playable regardless of fitness level<\/p><\/li><\/ul>\t\t\t\t\t\t\t\t<\/div>\n\t\t\t\t<\/div>\n\t\t\t\t<\/div>\n\t\t\t\t\t<\/div>\n\t\t\t\t<\/section>\n\t\t<section class=\"elementor-element elementor-element-c74fd36 e-con-full e-flex e-con e-parent\" data-id=\"c74fd36\" data-element_type=\"container\" data-e-type=\"container\">\n\t\t<div class=\"elementor-element elementor-element-f292b5b e-flex e-con-boxed e-con e-child\" data-id=\"f292b5b\" data-element_type=\"container\" data-e-type=\"container\">\n\t\t\t\t\t<div class=\"e-con-inner\">\n\t\t<div class=\"elementor-element elementor-element-cdd317e e-con-full e-flex e-con e-child\" data-id=\"cdd317e\" data-element_type=\"container\" data-e-type=\"container\">\n\t\t\t\t<div class=\"elementor-element elementor-element-e533075 elementor-widget elementor-widget-heading\" data-id=\"e533075\" data-element_type=\"widget\" data-e-type=\"widget\" data-widget_type=\"heading.default\">\n\t\t\t\t\t<h3 class=\"elementor-heading-title elementor-size-default\">This is the sport where you don\u2019t have to be a professional to experience flow.<\/h3>\t\t\t\t<\/div>\n\t\t\t\t<div class=\"elementor-element elementor-element-1a4e5a1 elementor-widget elementor-widget-text-editor\" data-id=\"1a4e5a1\" data-element_type=\"widget\" data-e-type=\"widget\" data-widget_type=\"text-editor.default\">\n\t\t\t\t\t\t\t\t\t<p>And where does the party come in? At Padel Escape events, the idea is simple: while the matches are happening,\u00a0<strong>the party never stops. <\/strong>Music is playing, the DJ is spinning, cocktails are flowing, and the vibe is alive. And around it:<\/p><ul><li><p><img decoding=\"async\" class=\"an1 CToWUd\" draggable=\"false\" src=\"https:\/\/fonts.gstatic.com\/s\/e\/notoemoji\/17.0\/1f378\/32.png\" alt=\"\ud83c\udf78\" width=\"16\" height=\"16\" data-emoji=\"\ud83c\udf78\" aria-label=\"\ud83c\udf78\" data-bit=\"iit\" \/>\u00a0Cocktail bar &amp; mixology show<\/p><\/li><li><p><img loading=\"lazy\" decoding=\"async\" class=\"an1 CToWUd\" draggable=\"false\" src=\"https:\/\/fonts.gstatic.com\/s\/e\/notoemoji\/17.0\/1f374\/32.png\" alt=\"\ud83c\udf74\" width=\"16\" height=\"16\" data-emoji=\"\ud83c\udf74\" aria-label=\"\ud83c\udf74\" data-bit=\"iit\" \/>\u00a0Premium finger food &amp; catering<\/p><\/li><li><p><img loading=\"lazy\" decoding=\"async\" class=\"an1 CToWUd\" draggable=\"false\" src=\"https:\/\/fonts.gstatic.com\/s\/e\/notoemoji\/17.0\/1f3a7\/32.png\" alt=\"\ud83c\udfa7\" width=\"17\" height=\"17\" data-emoji=\"\ud83c\udfa7\" aria-label=\"\ud83c\udfa7\" data-bit=\"iit\" \/>\u00a0DJ or live music<\/p><\/li><li><p><img loading=\"lazy\" decoding=\"async\" class=\"an1 CToWUd alignnone\" draggable=\"false\" src=\"https:\/\/fonts.gstatic.com\/s\/e\/notoemoji\/17.0\/1f4f8\/32.png\" alt=\"\ud83d\udcf8\" width=\"16\" height=\"16\" data-emoji=\"\ud83d\udcf8\" aria-label=\"\ud83d\udcf8\" data-bit=\"iit\" \/>\u00a0Professional photography and video<\/p><\/li><li><p><img loading=\"lazy\" decoding=\"async\" class=\"an1 CToWUd\" draggable=\"false\" src=\"https:\/\/fonts.gstatic.com\/s\/e\/notoemoji\/17.0\/1f3af\/32.png\" alt=\"\ud83c\udfaf\" width=\"16\" height=\"16\" data-emoji=\"\ud83c\udfaf\" aria-label=\"\ud83c\udfaf\" data-bit=\"iit\" \/>\u00a0Extra challenges and prizes<\/p><\/li><li><p><img loading=\"lazy\" decoding=\"async\" class=\"an1 CToWUd\" draggable=\"false\" src=\"https:\/\/fonts.gstatic.com\/s\/e\/notoemoji\/17.0\/1f6cb\/32.png\" alt=\"\ud83d\udecb\" width=\"16\" height=\"16\" data-emoji=\"\ud83d\udecb\" aria-label=\"\ud83d\udecb\" data-bit=\"iit\" \/>\u00a0Lounge area for relaxation<\/p><\/li><\/ul>\t\t\t\t\t\t\t\t<\/div>\n\t\t\t\t<\/div>\n\t\t<div class=\"elementor-element elementor-element-bd56dce e-con-full e-flex e-con e-child\" data-id=\"bd56dce\" data-element_type=\"container\" data-e-type=\"container\">\n\t\t\t\t<div class=\"elementor-element elementor-element-9657dd6 circle-img elementor-widget elementor-widget-image\" data-id=\"9657dd6\" data-element_type=\"widget\" data-e-type=\"widget\" data-widget_type=\"image.default\">\n\t\t\t\t\t\t\t\t\t\t\t\t\t\t\t<img loading=\"lazy\" decoding=\"async\" width=\"800\" height=\"1200\" src=\"https:\/\/www.padelescapeevents.hu\/wp-content\/uploads\/2026\/03\/padel-rolunk5.webp\" class=\"attachment-full size-full wp-image-801\" alt=\"\" srcset=\"https:\/\/www.padelescapeevents.hu\/wp-content\/uploads\/2026\/03\/padel-rolunk5.webp 800w, https:\/\/www.padelescapeevents.hu\/wp-content\/uploads\/2026\/03\/padel-rolunk5-200x300.webp 200w, https:\/\/www.padelescapeevents.hu\/wp-content\/uploads\/2026\/03\/padel-rolunk5-683x1024.webp 683w, https:\/\/www.padelescapeevents.hu\/wp-content\/uploads\/2026\/03\/padel-rolunk5-768x1152.webp 768w, https:\/\/www.padelescapeevents.hu\/wp-content\/uploads\/2026\/03\/padel-rolunk5-8x12.webp 8w\" sizes=\"(max-width: 800px) 100vw, 800px\" \/>\t\t\t\t\t\t\t\t\t\t\t\t\t\t\t<\/div>\n\t\t\t\t<\/div>\n\t\t\t\t\t<\/div>\n\t\t\t\t<\/div>\n\t\t\t\t<\/section>\n\t\t<section class=\"elementor-element elementor-element-8f3d6f5 e-con-full e-flex e-con e-parent\" data-id=\"8f3d6f5\" data-element_type=\"container\" data-e-type=\"container\">\n\t\t<div class=\"elementor-element elementor-element-acbb1d5 e-flex e-con-boxed e-con e-child\" data-id=\"acbb1d5\" data-element_type=\"container\" data-e-type=\"container\">\n\t\t\t\t\t<div class=\"e-con-inner\">\n\t\t<div class=\"elementor-element elementor-element-4b1842a e-con-full e-flex e-con e-child\" data-id=\"4b1842a\" data-element_type=\"container\" data-e-type=\"container\">\n\t\t\t\t<div class=\"elementor-element elementor-element-d5acf69 circle-img elementor-widget elementor-widget-image\" data-id=\"d5acf69\" data-element_type=\"widget\" data-e-type=\"widget\" data-widget_type=\"image.default\">\n\t\t\t\t\t\t\t\t\t\t\t\t\t\t\t<img loading=\"lazy\" decoding=\"async\" width=\"800\" height=\"1200\" src=\"https:\/\/www.padelescapeevents.hu\/wp-content\/uploads\/2026\/03\/padel-rolunk4.webp\" class=\"attachment-full size-full wp-image-797\" alt=\"R\u00f3lunk\" srcset=\"https:\/\/www.padelescapeevents.hu\/wp-content\/uploads\/2026\/03\/padel-rolunk4.webp 800w, https:\/\/www.padelescapeevents.hu\/wp-content\/uploads\/2026\/03\/padel-rolunk4-200x300.webp 200w, https:\/\/www.padelescapeevents.hu\/wp-content\/uploads\/2026\/03\/padel-rolunk4-683x1024.webp 683w, https:\/\/www.padelescapeevents.hu\/wp-content\/uploads\/2026\/03\/padel-rolunk4-768x1152.webp 768w, https:\/\/www.padelescapeevents.hu\/wp-content\/uploads\/2026\/03\/padel-rolunk4-8x12.webp 8w\" sizes=\"(max-width: 800px) 100vw, 800px\" \/>\t\t\t\t\t\t\t\t\t\t\t\t\t\t\t<\/div>\n\t\t\t\t<\/div>\n\t\t<div class=\"elementor-element elementor-element-ee6927a e-con-full e-flex e-con e-child\" data-id=\"ee6927a\" data-element_type=\"container\" data-e-type=\"container\">\n\t\t\t\t<div class=\"elementor-element elementor-element-5be5100 elementor-widget elementor-widget-heading\" data-id=\"5be5100\" data-element_type=\"widget\" data-e-type=\"widget\" data-widget_type=\"heading.default\">\n\t\t\t\t\t<h3 class=\"elementor-heading-title elementor-size-default\">This is not just sport.\nIt\u2019s a daytime festival on the court.<\/h3>\t\t\t\t<\/div>\n\t\t\t\t<div class=\"elementor-element elementor-element-299fc77 elementor-widget elementor-widget-text-editor\" data-id=\"299fc77\" data-element_type=\"widget\" data-e-type=\"widget\" data-widget_type=\"text-editor.default\">\n\t\t\t\t\t\t\t\t\t<p>Participants rotate between matches while enjoying food, drinks, music, dancing and meeting new people \u2014 all in a relaxed, pressure-free atmosphere.<\/p><p>Every event can be fully customized to match the group, the occasion and the desired vibe.<\/p>\t\t\t\t\t\t\t\t<\/div>\n\t\t\t\t<\/div>\n\t\t\t\t\t<\/div>\n\t\t\t\t<\/div>\n\t\t\t\t<\/section>\n\t\t<section class=\"elementor-element elementor-element-0762a61 e-flex e-con-boxed e-con e-parent\" data-id=\"0762a61\" data-element_type=\"container\" data-e-type=\"container\">\n\t\t\t\t\t<div class=\"e-con-inner\">\n\t\t\t\t<div class=\"elementor-element elementor-element-9b74dbc elementor-widget__width-initial elementor-widget elementor-widget-heading\" data-id=\"9b74dbc\" data-element_type=\"widget\" data-e-type=\"widget\" data-widget_type=\"heading.default\">\n\t\t\t\t\t<h3 class=\"elementor-heading-title elementor-size-default\">Some of our flagship concepts: daytime parties, Pilates &amp; Padel, The Founders Padel Collective<\/h3>\t\t\t\t<\/div>\n\t\t<div class=\"elementor-element elementor-element-3c66c92 e-con-full e-flex e-con e-child\" data-id=\"3c66c92\" data-element_type=\"container\" data-e-type=\"container\">\n\t\t<div class=\"elementor-element elementor-element-14514d0 e-con-full main-height e-flex e-con e-child\" data-id=\"14514d0\" data-element_type=\"container\" data-e-type=\"container\">\n\t\t\t\t<div class=\"elementor-element elementor-element-c7315a2 main-height elementor-widget elementor-widget-image\" data-id=\"c7315a2\" data-element_type=\"widget\" data-e-type=\"widget\" data-widget_type=\"image.default\">\n\t\t\t\t\t\t\t\t\t\t\t\t\t\t\t<img loading=\"lazy\" decoding=\"async\" width=\"683\" height=\"1024\" src=\"https:\/\/www.padelescapeevents.hu\/wp-content\/uploads\/2026\/03\/padel-pilates-683x1024.webp\" class=\"attachment-large size-large wp-image-806\" alt=\"\" srcset=\"https:\/\/www.padelescapeevents.hu\/wp-content\/uploads\/2026\/03\/padel-pilates-683x1024.webp 683w, https:\/\/www.padelescapeevents.hu\/wp-content\/uploads\/2026\/03\/padel-pilates-200x300.webp 200w, https:\/\/www.padelescapeevents.hu\/wp-content\/uploads\/2026\/03\/padel-pilates-768x1152.webp 768w, https:\/\/www.padelescapeevents.hu\/wp-content\/uploads\/2026\/03\/padel-pilates-1024x1536.webp 1024w, https:\/\/www.padelescapeevents.hu\/wp-content\/uploads\/2026\/03\/padel-pilates-8x12.webp 8w, https:\/\/www.padelescapeevents.hu\/wp-content\/uploads\/2026\/03\/padel-pilates.webp 1200w\" sizes=\"(max-width: 683px) 100vw, 683px\" \/>\t\t\t\t\t\t\t\t\t\t\t\t\t\t\t<\/div>\n\t\t\t\t<\/div>\n\t\t<div class=\"elementor-element elementor-element-d553d03 e-con-full main-basic e-flex e-con e-child\" data-id=\"d553d03\" data-element_type=\"container\" data-e-type=\"container\" data-settings=\"{&quot;background_background&quot;:&quot;classic&quot;}\">\n\t\t\t\t<div class=\"elementor-element elementor-element-37b5945 elementor-widget elementor-widget-text-editor\" data-id=\"37b5945\" data-element_type=\"widget\" data-e-type=\"widget\" data-widget_type=\"text-editor.default\">\n\t\t\t\t\t\t\t\t\t<p dir=\"ltr\">Padel Escape events once again bring together sport, great vibes, and a strong sense of community \u2014 and this time, the amazing trainers of Hottie Pilates and the signature Hottie feeling will be joining us again!<\/p><p dir=\"ltr\">Get ready for a truly energising day where the perfect combination of Pilates and padel meets the relaxed, social atmosphere of Padel Escape.<\/p><p dir=\"ltr\"><strong>What can you expect?<\/strong><\/p><ul><li dir=\"ltr\" role=\"presentation\">Dynamic Pilates training with the professional trainers of Hottie Pilates<\/li><li dir=\"ltr\" role=\"presentation\">Padel coaching at multiple levels with the fantastic coaches of Top Padel<\/li><li dir=\"ltr\" role=\"presentation\">Relaxed, social padel matches<\/li><li dir=\"ltr\" role=\"presentation\">Challenges, prizes, and goodie bags<\/li><li dir=\"ltr\" role=\"presentation\">Drinks, snacks, and great music<\/li><li dir=\"ltr\" role=\"presentation\">A stylish daytime sports and social experience<\/li><\/ul>\t\t\t\t\t\t\t\t<\/div>\n\t\t\t\t<\/div>\n\t\t\t\t<\/div>\n\t\t\t\t\t<\/div>\n\t\t\t\t<\/section>\n\t\t<section class=\"elementor-element elementor-element-e7324a0 e-con-full e-flex e-con e-parent\" data-id=\"e7324a0\" data-element_type=\"container\" data-e-type=\"container\">\n\t\t<div class=\"elementor-element elementor-element-1042cf3 e-flex e-con-boxed e-con e-child\" data-id=\"1042cf3\" data-element_type=\"container\" data-e-type=\"container\">\n\t\t\t\t\t<div class=\"e-con-inner\">\n\t\t<div class=\"elementor-element elementor-element-6a2f7f7 e-con-full e-flex e-con e-child\" data-id=\"6a2f7f7\" data-element_type=\"container\" data-e-type=\"container\">\n\t\t\t\t<div class=\"elementor-element elementor-element-0b69752 elementor-widget elementor-widget-heading\" data-id=\"0b69752\" data-element_type=\"widget\" data-e-type=\"widget\" data-widget_type=\"heading.default\">\n\t\t\t\t\t<h3 class=\"elementor-heading-title elementor-size-default\">The Founders Padel Collective<\/h3>\t\t\t\t<\/div>\n\t\t\t\t<div class=\"elementor-element elementor-element-2766d71 elementor-widget elementor-widget-text-editor\" data-id=\"2766d71\" data-element_type=\"widget\" data-e-type=\"widget\" data-widget_type=\"text-editor.default\">\n\t\t\t\t\t\t\t\t\t<p dir=\"ltr\">Padel is not just a sport \u2014 it is a meeting point where people work out, build connections, and have a great time. We host this event on a fixed monthly basis.<\/p><p dir=\"ltr\">The target audience of The Founders Padel Collective primarily consists of active, sporty young entrepreneurs who are open to new community experiences and modern sports culture. The name Padel Escape Events has already become closely associated with building the Hungarian padel community, and we bring this atmosphere together with the high-class lifestyle feeling of Top Padel into our networking events.<\/p><p dir=\"ltr\">A large part of the community comes from an urban lifestyle background, made up of creative, entrepreneurial-minded people for whom sport is not only about movement, but also a social and networking opportunity.\u00a0<\/p>\t\t\t\t\t\t\t\t<\/div>\n\t\t\t\t<div class=\"elementor-element elementor-element-c59e76e elementor-mobile-align-justify elementor-widget-mobile__width-inherit elementor-widget elementor-widget-button\" data-id=\"c59e76e\" data-element_type=\"widget\" data-e-type=\"widget\" data-widget_type=\"button.default\">\n\t\t\t\t\t\t\t\t\t\t<a class=\"elementor-button elementor-button-link elementor-size-sm\" href=\"https:\/\/www.padelescapeevents.hu\/wp-content\/uploads\/2026\/03\/the-founders-padel-collective_compressed.pdf\" target=\"_blank\">\n\t\t\t\t\t\t<span class=\"elementor-button-content-wrapper\">\n\t\t\t\t\t\t\t\t\t<span class=\"elementor-button-text\">More<\/span>\n\t\t\t\t\t<\/span>\n\t\t\t\t\t<\/a>\n\t\t\t\t\t\t\t\t<\/div>\n\t\t\t\t<\/div>\n\t\t<div class=\"elementor-element elementor-element-8f2cf31 e-con-full e-flex e-con e-child\" data-id=\"8f2cf31\" data-element_type=\"container\" data-e-type=\"container\">\n\t\t\t\t<div class=\"elementor-element elementor-element-c6aeecb circle-img elementor-widget elementor-widget-image\" data-id=\"c6aeecb\" data-element_type=\"widget\" data-e-type=\"widget\" data-widget_type=\"image.default\">\n\t\t\t\t\t\t\t\t\t\t\t\t\t\t\t<img loading=\"lazy\" decoding=\"async\" width=\"1000\" height=\"1500\" src=\"https:\/\/www.padelescapeevents.hu\/wp-content\/uploads\/2026\/03\/founders-padel.webp\" class=\"attachment-full size-full wp-image-821\" alt=\"\" srcset=\"https:\/\/www.padelescapeevents.hu\/wp-content\/uploads\/2026\/03\/founders-padel.webp 1000w, https:\/\/www.padelescapeevents.hu\/wp-content\/uploads\/2026\/03\/founders-padel-200x300.webp 200w, https:\/\/www.padelescapeevents.hu\/wp-content\/uploads\/2026\/03\/founders-padel-683x1024.webp 683w, https:\/\/www.padelescapeevents.hu\/wp-content\/uploads\/2026\/03\/founders-padel-768x1152.webp 768w, https:\/\/www.padelescapeevents.hu\/wp-content\/uploads\/2026\/03\/founders-padel-8x12.webp 8w\" sizes=\"(max-width: 1000px) 100vw, 1000px\" \/>\t\t\t\t\t\t\t\t\t\t\t\t\t\t\t<\/div>\n\t\t\t\t<\/div>\n\t\t\t\t\t<\/div>\n\t\t\t\t<\/div>\n\t\t\t\t<\/section>\n\t\t\t\t<\/div>","protected":false},"excerpt":{"rendered":"<p>R\u00f3lunk A\u00a0Padel Escape Events\u00a0egy innovat\u00edv, \u00e9lm\u00e9nyalap\u00fa rendezv\u00e9nyszervez\u0151 c\u00e9g, amely a vil\u00e1g legtrendibb sportj\u00e1t &#8211; a padelt &#8211; \u00f6tv\u00f6zi tematikus nappali bulikkal, pr\u00e9mium cateringgel, zen\u00e9vel \u00e9s extra programokkal. C\u00e9l mindig a k\u00f6z\u00f6ss\u00e9gi \u00e9lm\u00e9ny. Koncepci\u00f3nk egyszer\u0171, m\u00e9gis egyedi: Padel + Party + Extra \u00e9lm\u00e9nyek. Mi\u00e9rt PADEL? A padel a vil\u00e1g leggyorsabban n\u00f6vekv\u0151 sportja. K\u00f6nnyen elsaj\u00e1t\u00edthat\u00f3 \u2192 m\u00e1r [&hellip;]<\/p>\n","protected":false},"author":1,"featured_media":0,"parent":0,"menu_order":0,"comment_status":"closed","ping_status":"closed","template":"","meta":{"footnotes":""},"class_list":["post-314","page","type-page","status-publish","hentry"],"_links":{"self":[{"href":"https:\/\/www.padelescapeevents.hu\/en\/wp-json\/wp\/v2\/pages\/314","targetHints":{"allow":["GET"]}}],"collection":[{"href":"https:\/\/www.padelescapeevents.hu\/en\/wp-json\/wp\/v2\/pages"}],"about":[{"href":"https:\/\/www.padelescapeevents.hu\/en\/wp-json\/wp\/v2\/types\/page"}],"author":[{"embeddable":true,"href":"https:\/\/www.padelescapeevents.hu\/en\/wp-json\/wp\/v2\/users\/1"}],"replies":[{"embeddable":true,"href":"https:\/\/www.padelescapeevents.hu\/en\/wp-json\/wp\/v2\/comments?post=314"}],"version-history":[{"count":58,"href":"https:\/\/www.padelescapeevents.hu\/en\/wp-json\/wp\/v2\/pages\/314\/revisions"}],"predecessor-version":[{"id":827,"href":"https:\/\/www.padelescapeevents.hu\/en\/wp-json\/wp\/v2\/pages\/314\/revisions\/827"}],"wp:attachment":[{"href":"https:\/\/www.padelescapeevents.hu\/en\/wp-json\/wp\/v2\/media?parent=314"}],"curies":[{"name":"wp","href":"https:\/\/api.w.org\/{rel}","templated":true}]}}