{"id":97,"date":"2025-10-09T18:09:55","date_gmt":"2025-10-09T16:09:55","guid":{"rendered":"https:\/\/www.padelescapecamp.hu\/home-2\/"},"modified":"2026-04-08T10:12:36","modified_gmt":"2026-04-08T08:12:36","slug":"home-2","status":"publish","type":"page","link":"https:\/\/www.padelescapeevents.hu\/en\/","title":{"rendered":"Padel esem\u00e9nyek"},"content":{"rendered":"<div data-elementor-type=\"wp-page\" data-elementor-id=\"97\" class=\"elementor elementor-97\" data-elementor-post-type=\"page\">\n\t\t\t\t<section class=\"elementor-element elementor-element-f1a1f17 e-con-full hero e-flex e-con e-parent\" data-id=\"f1a1f17\" data-element_type=\"container\" data-e-type=\"container\">\n\t\t\t\t<div class=\"elementor-element elementor-element-e48026d elementor-widget elementor-widget-html\" data-id=\"e48026d\" data-element_type=\"widget\" data-e-type=\"widget\" data-widget_type=\"html.default\">\n\t\t\t\t\t<div class=\"light-dot dot1\"><\/div>\n<div class=\"light-dot-solid small dot5\"><\/div>\n<div class=\"light-dot-solid medium dot6\"><\/div>\n<div class=\"light-dot-solid large dot7\"><\/div>\n<div class=\"light-dot-solid small dot8\"><\/div>\t\t\t\t<\/div>\n\t\t<div class=\"elementor-element elementor-element-4a15eef e-flex e-con-boxed e-con e-child\" data-id=\"4a15eef\" data-element_type=\"container\" data-e-type=\"container\">\n\t\t\t\t\t<div class=\"e-con-inner\">\n\t\t<div class=\"elementor-element elementor-element-a080096 e-con-full e-flex e-con e-child\" data-id=\"a080096\" data-element_type=\"container\" data-e-type=\"container\">\n\t\t\t\t<div class=\"elementor-element elementor-element-eb855cb elementor-headline--style-highlight elementor-widget elementor-widget-animated-headline\" data-id=\"eb855cb\" data-element_type=\"widget\" data-e-type=\"widget\" data-settings=\"{&quot;marker&quot;:&quot;double&quot;,&quot;highlighted_text&quot;:&quot;a p\\u00e1ly\\u00e1n.&quot;,&quot;headline_style&quot;:&quot;highlight&quot;,&quot;loop&quot;:&quot;yes&quot;,&quot;highlight_animation_duration&quot;:1200,&quot;highlight_iteration_delay&quot;:8000}\" data-widget_type=\"animated-headline.default\">\n\t\t\t\t\t\t\t<h1 class=\"elementor-headline\">\n\t\t\t\t\t<span class=\"elementor-headline-plain-text elementor-headline-text-wrapper\">Real Daytime Parties - <\/span>\n\t\t\t\t<span class=\"elementor-headline-dynamic-wrapper elementor-headline-text-wrapper\">\n\t\t\t\t\t<span class=\"elementor-headline-dynamic-text elementor-headline-text-active\">On the Court<\/span>\n\t\t\t\t<\/span>\n\t\t\t\t<\/h1>\n\t\t\t\t\t\t<\/div>\n\t\t\t\t<div class=\"elementor-element elementor-element-4991206 elementor-widget elementor-widget-heading\" data-id=\"4991206\" data-element_type=\"widget\" data-e-type=\"widget\" data-widget_type=\"heading.default\">\n\t\t\t\t\t<h2 class=\"elementor-heading-title elementor-size-default\">Padel = Lifestyle<\/h2>\t\t\t\t<\/div>\n\t\t\t\t<div class=\"elementor-element elementor-element-874e40a elementor-widget elementor-widget-text-editor\" data-id=\"874e40a\" data-element_type=\"widget\" data-e-type=\"widget\" data-widget_type=\"text-editor.default\">\n\t\t\t\t\t\t\t\t\t<p>Padel Escape Events is not just another sports event.\nIt\u2019s a lifestyle. A community experience. A daytime party. Padel. DJ. Drinks. Premium bites. Extra activities. Prizes.<\/p><p>If you love playing, if you\u2019d like to try padel, or if you simply enjoy vibrant daytime parties \u2013 this is your place.<\/p>\t\t\t\t\t\t\t\t<\/div>\n\t\t<div class=\"elementor-element elementor-element-b54930c e-con-full e-flex e-con e-child\" data-id=\"b54930c\" data-element_type=\"container\" data-e-type=\"container\">\n\t\t\t\t<div class=\"elementor-element elementor-element-f252ad9 elementor-mobile-align-justify elementor-widget-mobile__width-inherit elementor-widget elementor-widget-button\" data-id=\"f252ad9\" data-element_type=\"widget\" data-e-type=\"widget\" data-widget_type=\"button.default\">\n\t\t\t\t\t\t\t\t\t\t<a class=\"elementor-button elementor-button-link elementor-size-sm\" href=\"https:\/\/www.padelescapeevents.hu\/wp-content\/uploads\/2026\/03\/collab-csomagok_compressed.pdf\" target=\"_blank\">\n\t\t\t\t\t\t<span class=\"elementor-button-content-wrapper\">\n\t\t\t\t\t\t\t\t\t<span class=\"elementor-button-text\">Information PDF<\/span>\n\t\t\t\t\t<\/span>\n\t\t\t\t\t<\/a>\n\t\t\t\t\t\t\t\t<\/div>\n\t\t\t\t<\/div>\n\t\t\t\t<\/div>\n\t\t<div class=\"elementor-element elementor-element-b78c583 e-con-full e-flex e-con e-child\" data-id=\"b78c583\" data-element_type=\"container\" data-e-type=\"container\">\n\t\t\t\t<div class=\"elementor-element elementor-element-dd52a87 elementor-widget elementor-widget-video\" data-id=\"dd52a87\" data-element_type=\"widget\" data-e-type=\"widget\" data-settings=\"{&quot;video_type&quot;:&quot;hosted&quot;,&quot;show_image_overlay&quot;:&quot;yes&quot;,&quot;image_overlay&quot;:{&quot;url&quot;:&quot;https:\\\/\\\/www.padelescapeevents.hu\\\/wp-content\\\/uploads\\\/2026\\\/03\\\/padel-escape-events.webp&quot;,&quot;id&quot;:711,&quot;size&quot;:&quot;&quot;,&quot;alt&quot;:&quot;Padel Escape Events&quot;,&quot;source&quot;:&quot;library&quot;},&quot;lightbox&quot;:&quot;yes&quot;,&quot;controls&quot;:&quot;yes&quot;}\" data-widget_type=\"video.default\">\n\t\t\t\t\t\t\t<div class=\"e-hosted-video elementor-wrapper elementor-open-lightbox\">\n\t\t\t\t\t\t\t<div class=\"elementor-custom-embed-image-overlay\" data-elementor-open-lightbox=\"yes\" data-elementor-lightbox=\"{&quot;type&quot;:&quot;video&quot;,&quot;videoType&quot;:&quot;hosted&quot;,&quot;url&quot;:&quot;https:\\\/\\\/www.padelescapeevents.hu\\\/wp-content\\\/uploads\\\/2026\\\/04\\\/events-video.mp4&quot;,&quot;autoplay&quot;:&quot;&quot;,&quot;modalOptions&quot;:{&quot;id&quot;:&quot;elementor-lightbox-dd52a87&quot;,&quot;entranceAnimation&quot;:&quot;&quot;,&quot;entranceAnimation_tablet&quot;:&quot;&quot;,&quot;entranceAnimation_mobile&quot;:&quot;&quot;,&quot;videoAspectRatio&quot;:&quot;11&quot;},&quot;videoParams&quot;:{&quot;controls&quot;:&quot;&quot;,&quot;preload&quot;:&quot;metadata&quot;,&quot;controlsList&quot;:&quot;nodownload&quot;,&quot;poster&quot;:&quot;https:\\\/\\\/www.padelescapeevents.hu\\\/wp-content\\\/uploads\\\/2026\\\/03\\\/Padel-Escape-events-1.webp&quot;}}\" data-e-action-hash=\"#elementor-action%3Aaction%3Dlightbox%26settings%3DeyJ0eXBlIjoidmlkZW8iLCJ2aWRlb1R5cGUiOiJob3N0ZWQiLCJ1cmwiOiJodHRwczpcL1wvd3d3LnBhZGVsZXNjYXBlZXZlbnRzLmh1XC93cC1jb250ZW50XC91cGxvYWRzXC8yMDI2XC8wNFwvZXZlbnRzLXZpZGVvLm1wNCIsImF1dG9wbGF5IjoiIiwibW9kYWxPcHRpb25zIjp7ImlkIjoiZWxlbWVudG9yLWxpZ2h0Ym94LWRkNTJhODciLCJlbnRyYW5jZUFuaW1hdGlvbiI6IiIsImVudHJhbmNlQW5pbWF0aW9uX3RhYmxldCI6IiIsImVudHJhbmNlQW5pbWF0aW9uX21vYmlsZSI6IiIsInZpZGVvQXNwZWN0UmF0aW8iOiIxMSJ9LCJ2aWRlb1BhcmFtcyI6eyJjb250cm9scyI6IiIsInByZWxvYWQiOiJtZXRhZGF0YSIsImNvbnRyb2xzTGlzdCI6Im5vZG93bmxvYWQiLCJwb3N0ZXIiOiJodHRwczpcL1wvd3d3LnBhZGVsZXNjYXBlZXZlbnRzLmh1XC93cC1jb250ZW50XC91cGxvYWRzXC8yMDI2XC8wM1wvUGFkZWwtRXNjYXBlLWV2ZW50cy0xLndlYnAifX0%3D\">\n\t\t\t\t\t\t\t\t\t\t\t<img fetchpriority=\"high\" decoding=\"async\" width=\"1000\" height=\"1500\" src=\"https:\/\/www.padelescapeevents.hu\/wp-content\/uploads\/2026\/03\/padel-escape-events.webp\" class=\"attachment-full size-full wp-image-711\" alt=\"Padel Escape Events\" srcset=\"https:\/\/www.padelescapeevents.hu\/wp-content\/uploads\/2026\/03\/padel-escape-events.webp 1000w, https:\/\/www.padelescapeevents.hu\/wp-content\/uploads\/2026\/03\/padel-escape-events-200x300.webp 200w, https:\/\/www.padelescapeevents.hu\/wp-content\/uploads\/2026\/03\/padel-escape-events-683x1024.webp 683w, https:\/\/www.padelescapeevents.hu\/wp-content\/uploads\/2026\/03\/padel-escape-events-768x1152.webp 768w, https:\/\/www.padelescapeevents.hu\/wp-content\/uploads\/2026\/03\/padel-escape-events-8x12.webp 8w\" sizes=\"(max-width: 1000px) 100vw, 1000px\" \/>\t\t\t\t\t\t\t\t\t\t\t\t\t\t\t\t<div class=\"elementor-custom-embed-play\" role=\"button\" aria-label=\"Vide\u00f3 lej\u00e1tsz\u00e1sa a k\u00f6vetkez\u0151r\u0151l: Padel Escape Events\" tabindex=\"0\">\n\t\t\t\t\t\t\t<svg aria-hidden=\"true\" class=\"e-font-icon-svg e-eicon-play\" viewbox=\"0 0 1000 1000\" xmlns=\"http:\/\/www.w3.org\/2000\/svg\"><path d=\"M838 162C746 71 633 25 500 25 371 25 258 71 163 162 71 254 25 367 25 500 25 633 71 746 163 837 254 929 367 979 500 979 633 979 746 933 838 837 929 746 975 633 975 500 975 367 929 254 838 162M808 192C892 279 933 379 933 500 933 621 892 725 808 808 725 892 621 938 500 938 379 938 279 896 196 808 113 725 67 621 67 500 67 379 108 279 196 192 279 108 383 62 500 62 621 62 721 108 808 192M438 392V642L642 517 438 392Z\"><\/path><\/svg>\t\t\t\t\t\t<\/div>\n\t\t\t\t\t\t\t\t\t<\/div>\n\t\t\t\t\t<\/div>\n\t\t\t\t\t\t<\/div>\n\t\t\t\t<\/div>\n\t\t\t\t\t<\/div>\n\t\t\t\t<\/div>\n\t\t\t\t<\/section>\n\t\t<section class=\"elementor-element elementor-element-f3e4ef4 e-con-full e-flex e-con e-parent\" data-id=\"f3e4ef4\" data-element_type=\"container\" data-e-type=\"container\">\n\t\t<div class=\"elementor-element elementor-element-632b5e2 e-flex e-con-boxed e-con e-child\" data-id=\"632b5e2\" data-element_type=\"container\" data-e-type=\"container\">\n\t\t\t\t\t<div class=\"e-con-inner\">\n\t\t<div class=\"elementor-element elementor-element-7430700 e-con-full e-flex e-con e-child\" data-id=\"7430700\" data-element_type=\"container\" data-e-type=\"container\">\n\t\t\t\t<div class=\"elementor-element elementor-element-70dee8c circle-img elementor-widget elementor-widget-image\" data-id=\"70dee8c\" data-element_type=\"widget\" data-e-type=\"widget\" data-widget_type=\"image.default\">\n\t\t\t\t\t\t\t\t\t\t\t\t\t\t\t<img decoding=\"async\" width=\"1000\" height=\"1500\" src=\"https:\/\/www.padelescapeevents.hu\/wp-content\/uploads\/2026\/03\/rolunk-padel-escape-event.webp\" class=\"attachment-full size-full wp-image-717\" alt=\"Padel Escape Events r\u00f3lunk\" srcset=\"https:\/\/www.padelescapeevents.hu\/wp-content\/uploads\/2026\/03\/rolunk-padel-escape-event.webp 1000w, https:\/\/www.padelescapeevents.hu\/wp-content\/uploads\/2026\/03\/rolunk-padel-escape-event-200x300.webp 200w, https:\/\/www.padelescapeevents.hu\/wp-content\/uploads\/2026\/03\/rolunk-padel-escape-event-683x1024.webp 683w, https:\/\/www.padelescapeevents.hu\/wp-content\/uploads\/2026\/03\/rolunk-padel-escape-event-768x1152.webp 768w, https:\/\/www.padelescapeevents.hu\/wp-content\/uploads\/2026\/03\/rolunk-padel-escape-event-8x12.webp 8w\" sizes=\"(max-width: 1000px) 100vw, 1000px\" \/>\t\t\t\t\t\t\t\t\t\t\t\t\t\t\t<\/div>\n\t\t\t\t<\/div>\n\t\t<div class=\"elementor-element elementor-element-ba016d8 e-con-full e-flex e-con e-child\" data-id=\"ba016d8\" data-element_type=\"container\" data-e-type=\"container\">\n\t\t\t\t<div class=\"elementor-element elementor-element-1af4f56 elementor-widget elementor-widget-heading\" data-id=\"1af4f56\" data-element_type=\"widget\" data-e-type=\"widget\" data-widget_type=\"heading.default\">\n\t\t\t\t\t<h3 class=\"elementor-heading-title elementor-size-default\">WHAT YOU\u2019LL FIND AT OUR EVENTS<\/h3>\t\t\t\t<\/div>\n\t\t\t\t<div class=\"elementor-element elementor-element-7d8cc22 elementor-widget elementor-widget-text-editor\" data-id=\"7d8cc22\" data-element_type=\"widget\" data-e-type=\"widget\" data-widget_type=\"text-editor.default\">\n\t\t\t\t\t\t\t\t\t<ul><li><p><img decoding=\"async\" class=\"an1 CToWUd\" draggable=\"false\" src=\"https:\/\/fonts.gstatic.com\/s\/e\/notoemoji\/17.0\/1f3be\/32.png\" alt=\"\ud83c\udfbe\" width=\"16\" height=\"16\" data-emoji=\"\ud83c\udfbe\" aria-label=\"\ud83c\udfbe\" data-bit=\"iit\" \/>\u00a0Themed padel parties<\/p><\/li><li><p><img loading=\"lazy\" decoding=\"async\" class=\"an1 CToWUd\" draggable=\"false\" src=\"https:\/\/fonts.gstatic.com\/s\/e\/notoemoji\/17.0\/1f942\/32.png\" alt=\"\ud83e\udd42\" width=\"16\" height=\"16\" data-emoji=\"\ud83e\udd42\" aria-label=\"\ud83e\udd42\" data-bit=\"iit\" \/>\u00a0Prosecco &amp; Padel events<\/p><\/li><li><p><img loading=\"lazy\" decoding=\"async\" class=\"an1 CToWUd\" draggable=\"false\" src=\"https:\/\/fonts.gstatic.com\/s\/e\/notoemoji\/17.0\/1f457\/32.png\" alt=\"\ud83d\udc57\" width=\"16\" height=\"16\" data-emoji=\"\ud83d\udc57\" aria-label=\"\ud83d\udc57\" data-bit=\"iit\" \/>\u00a0Dress-code parties<\/p><\/li><li><p><img loading=\"lazy\" decoding=\"async\" class=\"an1 CToWUd\" draggable=\"false\" src=\"https:\/\/fonts.gstatic.com\/s\/e\/notoemoji\/17.0\/1f9d8_200d_2640_fe0f\/32.png\" alt=\"\ud83e\uddd8\u200d\u2640\ufe0f\" width=\"16\" height=\"16\" data-emoji=\"\ud83e\uddd8\u200d\u2640\ufe0f\" aria-label=\"\ud83e\uddd8\u200d\u2640\ufe0f\" data-bit=\"iit\" \/>\u00a0Pilates &amp; Padel days<\/p><\/li><li><p><img loading=\"lazy\" decoding=\"async\" class=\"an1 CToWUd\" draggable=\"false\" src=\"https:\/\/fonts.gstatic.com\/s\/e\/notoemoji\/17.0\/1f3c6\/32.png\" alt=\"\ud83c\udfc6\" width=\"16\" height=\"16\" data-emoji=\"\ud83c\udfc6\" aria-label=\"\ud83c\udfc6\" data-bit=\"iit\" \/>\u00a0Mini tournaments, competitions and challenges<\/p><\/li><li><p><img loading=\"lazy\" decoding=\"async\" class=\"an1 CToWUd alignnone\" draggable=\"false\" src=\"https:\/\/fonts.gstatic.com\/s\/e\/notoemoji\/17.0\/1f381\/32.png\" alt=\"\ud83c\udf81\" width=\"16\" height=\"16\" data-emoji=\"\ud83c\udf81\" aria-label=\"\ud83c\udf81\" data-bit=\"iit\" \/>\u00a0Prizes and giveaways<\/p><\/li><\/ul><p>Your only job: enjoy the party.<\/p>\t\t\t\t\t\t\t\t<\/div>\n\t\t\t\t<div class=\"elementor-element elementor-element-d04ccb0 elementor-mobile-align-justify elementor-widget-mobile__width-inherit elementor-widget elementor-widget-button\" data-id=\"d04ccb0\" data-element_type=\"widget\" data-e-type=\"widget\" data-widget_type=\"button.default\">\n\t\t\t\t\t\t\t\t\t\t<a class=\"elementor-button elementor-button-link elementor-size-sm\" href=\"https:\/\/www.padelescapeevents.hu\/en\/rolunk\/\">\n\t\t\t\t\t\t<span class=\"elementor-button-content-wrapper\">\n\t\t\t\t\t\t\t\t\t<span class=\"elementor-button-text\">More about us<\/span>\n\t\t\t\t\t<\/span>\n\t\t\t\t\t<\/a>\n\t\t\t\t\t\t\t\t<\/div>\n\t\t\t\t<\/div>\n\t\t\t\t\t<\/div>\n\t\t\t\t<\/div>\n\t\t\t\t<\/section>\n\t\t<div class=\"elementor-element elementor-element-6733e27 e-flex e-con-boxed e-con e-parent\" data-id=\"6733e27\" data-element_type=\"container\" data-e-type=\"container\">\n\t\t\t\t\t<div class=\"e-con-inner\">\n\t\t\t\t\t<\/div>\n\t\t\t\t<\/div>\n\t\t\t\t<\/div>","protected":false},"excerpt":{"rendered":"<p>Val\u00f3di nappali bulik &#8211; a p\u00e1ly\u00e1n. Padel = lifestyle A Padel Escape Events nem egy sima sportesem\u00e9ny. Ez egy \u00e9letst\u00edlus. Egy k\u00f6z\u00f6ss\u00e9gi \u00e9lm\u00e9ny. Egy nappali party. Padel. DJ. Italok. Pr\u00e9mium falatok. Extra programok. Nyerem\u00e9nyek. Ha szeretsz j\u00e1tszani, ha kipr\u00f3b\u00e1ln\u00e1d a padelt, ha im\u00e1dod a nappali bulikat, itt a helyed. T\u00e1j\u00e9koztat\u00f3 PDF https:\/\/www.padelescapeevents.hu\/wp-content\/uploads\/2026\/04\/events-video.mp4 Mit tal\u00e1lsz n\u00e1lunk? [&hellip;]<\/p>\n","protected":false},"author":1,"featured_media":711,"parent":0,"menu_order":0,"comment_status":"closed","ping_status":"closed","template":"","meta":{"footnotes":""},"class_list":["post-97","page","type-page","status-publish","has-post-thumbnail","hentry"],"_links":{"self":[{"href":"https:\/\/www.padelescapeevents.hu\/en\/wp-json\/wp\/v2\/pages\/97","targetHints":{"allow":["GET"]}}],"collection":[{"href":"https:\/\/www.padelescapeevents.hu\/en\/wp-json\/wp\/v2\/pages"}],"about":[{"href":"https:\/\/www.padelescapeevents.hu\/en\/wp-json\/wp\/v2\/types\/page"}],"author":[{"embeddable":true,"href":"https:\/\/www.padelescapeevents.hu\/en\/wp-json\/wp\/v2\/users\/1"}],"replies":[{"embeddable":true,"href":"https:\/\/www.padelescapeevents.hu\/en\/wp-json\/wp\/v2\/comments?post=97"}],"version-history":[{"count":236,"href":"https:\/\/www.padelescapeevents.hu\/en\/wp-json\/wp\/v2\/pages\/97\/revisions"}],"predecessor-version":[{"id":844,"href":"https:\/\/www.padelescapeevents.hu\/en\/wp-json\/wp\/v2\/pages\/97\/revisions\/844"}],"wp:featuredmedia":[{"embeddable":true,"href":"https:\/\/www.padelescapeevents.hu\/en\/wp-json\/wp\/v2\/media\/711"}],"wp:attachment":[{"href":"https:\/\/www.padelescapeevents.hu\/en\/wp-json\/wp\/v2\/media?parent=97"}],"curies":[{"name":"wp","href":"https:\/\/api.w.org\/{rel}","templated":true}]}}